{"id":3,"date":"2023-11-17T18:54:36","date_gmt":"2023-11-17T18:54:36","guid":{"rendered":"https:\/\/karaoke-in-berlin.org\/?page_id=3"},"modified":"2025-12-18T13:44:44","modified_gmt":"2025-12-18T12:44:44","slug":"privacy-policy","status":"publish","type":"page","link":"https:\/\/karaoke-in-berlin.org\/?page_id=3","title":{"rendered":"Privacy Policy"},"content":{"rendered":"<p><!-- DATENSCHUTZERKL\u00c4RUNG f\u00fcr karaoke-in-berlin.org --><\/p>\n<h1>Datenschutzerkl\u00e4rung<\/h1>\n<p><strong>Stand:<\/strong> Dezember 2024<\/p>\n<h2>1. Verantwortliche Stelle<\/h2>\n<p>Verantwortlich f\u00fcr die Datenverarbeitung auf dieser Website ist:<\/p>\n<p>\nM-IT<br \/>\nFriedrich-Engels-Str. 42<br \/>\n13156 Berlin<br \/>\nE-Mail: info@karaoke-in-berlin.org\n<\/p>\n<h2>2. Allgemeine Hinweise zur Datenverarbeitung<\/h2>\n<h3>2.1 Umfang der Verarbeitung personenbezogener Daten<\/h3>\n<p>Wir verarbeiten personenbezogene Daten unserer Nutzer grunds\u00e4tzlich nur, soweit dies zur Bereitstellung einer funktionsf\u00e4higen Website sowie unserer Inhalte und Leistungen erforderlich ist. Die Verarbeitung personenbezogener Daten unserer Nutzer erfolgt regelm\u00e4\u00dfig nur nach Einwilligung des Nutzers. Eine Ausnahme gilt in solchen F\u00e4llen, in denen eine vorherige Einholung einer Einwilligung aus tats\u00e4chlichen Gr\u00fcnden nicht m\u00f6glich ist und die Verarbeitung der Daten durch gesetzliche Vorschriften gestattet ist.<\/p>\n<h3>2.2 Rechtsgrundlage f\u00fcr die Verarbeitung personenbezogener Daten<\/h3>\n<p>Soweit wir f\u00fcr Verarbeitungsvorg\u00e4nge personenbezogener Daten eine Einwilligung der betroffenen Person einholen, dient Art. 6 Abs. 1 lit. a EU-Datenschutzgrundverordnung (DSGVO) als Rechtsgrundlage.<\/p>\n<p>Bei der Verarbeitung von personenbezogenen Daten, die zur Erf\u00fcllung eines Vertrages, dessen Vertragspartei die betroffene Person ist, erforderlich ist, dient Art. 6 Abs. 1 lit. b DSGVO als Rechtsgrundlage.<\/p>\n<p>Soweit eine Verarbeitung personenbezogener Daten zur Erf\u00fcllung einer rechtlichen Verpflichtung erforderlich ist, der unser Unternehmen unterliegt, dient Art. 6 Abs. 1 lit. c DSGVO als Rechtsgrundlage.<\/p>\n<p>Ist die Verarbeitung zur Wahrung eines berechtigten Interesses unseres Unternehmens oder eines Dritten erforderlich und \u00fcberwiegen die Interessen, Grundrechte und Grundfreiheiten des Betroffenen das erstgenannte Interesse nicht, so dient Art. 6 Abs. 1 lit. f DSGVO als Rechtsgrundlage f\u00fcr die Verarbeitung.<\/p>\n<h3>2.3 Datenl\u00f6schung und Speicherdauer<\/h3>\n<p>Die personenbezogenen Daten der betroffenen Person werden gel\u00f6scht oder gesperrt, sobald der Zweck der Speicherung entf\u00e4llt. Eine Speicherung kann dar\u00fcber hinaus erfolgen, wenn dies durch den europ\u00e4ischen oder nationalen Gesetzgeber in unionsrechtlichen Verordnungen, Gesetzen oder sonstigen Vorschriften, denen der Verantwortliche unterliegt, vorgesehen wurde.<\/p>\n<h2>3. Ihre Rechte als betroffene Person<\/h2>\n<p>Werden personenbezogene Daten von Ihnen verarbeitet, sind Sie Betroffener i.S.d. DSGVO und es stehen Ihnen folgende Rechte gegen\u00fcber dem Verantwortlichen zu:<\/p>\n<h3>3.1 Auskunftsrecht (Art. 15 DSGVO)<\/h3>\n<p>Sie k\u00f6nnen von uns eine Best\u00e4tigung dar\u00fcber verlangen, ob personenbezogene Daten, die Sie betreffen, von uns verarbeitet werden.<\/p>\n<h3>3.2 Recht auf Berichtigung (Art. 16 DSGVO)<\/h3>\n<p>Sie haben ein Recht auf Berichtigung und\/oder Vervollst\u00e4ndigung gegen\u00fcber dem Verantwortlichen, sofern die verarbeiteten personenbezogenen Daten, die Sie betreffen, unrichtig oder unvollst\u00e4ndig sind.<\/p>\n<h3>3.3 Recht auf L\u00f6schung (Art. 17 DSGVO)<\/h3>\n<p>Sie k\u00f6nnen von uns verlangen, dass die Sie betreffenden personenbezogenen Daten unverz\u00fcglich gel\u00f6scht werden, sofern einer der gesetzlichen Gr\u00fcnde zutrifft.<\/p>\n<h3>3.4 Recht auf Einschr\u00e4nkung der Verarbeitung (Art. 18 DSGVO)<\/h3>\n<p>Sie haben das Recht, von uns die Einschr\u00e4nkung der Verarbeitung zu verlangen, wenn eine der gesetzlichen Voraussetzungen gegeben ist.<\/p>\n<h3>3.5 Recht auf Daten\u00fcbertragbarkeit (Art. 20 DSGVO)<\/h3>\n<p>Sie haben das Recht, die Sie betreffenden personenbezogenen Daten, die Sie uns bereitgestellt haben, in einem strukturierten, g\u00e4ngigen und maschinenlesbaren Format zu erhalten.<\/p>\n<h3>3.6 Widerspruchsrecht (Art. 21 DSGVO)<\/h3>\n<p>Sie haben das Recht, aus Gr\u00fcnden, die sich aus Ihrer besonderen Situation ergeben, jederzeit gegen die Verarbeitung der Sie betreffenden personenbezogenen Daten, die aufgrund von Art. 6 Abs. 1 lit. e oder f DSGVO erfolgt, Widerspruch einzulegen.<\/p>\n<h3>3.7 Recht auf Widerruf der datenschutzrechtlichen Einwilligungserkl\u00e4rung (Art. 7 Abs. 3 DSGVO)<\/h3>\n<p>Sie haben das Recht, Ihre datenschutzrechtliche Einwilligungserkl\u00e4rung jederzeit zu widerrufen. Durch den Widerruf der Einwilligung wird die Rechtm\u00e4\u00dfigkeit der aufgrund der Einwilligung bis zum Widerruf erfolgten Verarbeitung nicht ber\u00fchrt.<\/p>\n<h3>3.8 Recht auf Beschwerde bei einer Aufsichtsbeh\u00f6rde (Art. 77 DSGVO)<\/h3>\n<p>Unbeschadet eines anderweitigen verwaltungsrechtlichen oder gerichtlichen Rechtsbehelfs steht Ihnen das Recht auf Beschwerde bei einer Aufsichtsbeh\u00f6rde zu.<\/p>\n<p><strong>Zust\u00e4ndige Aufsichtsbeh\u00f6rde:<\/strong><br \/>\nBerliner Beauftragte f\u00fcr Datenschutz und Informationsfreiheit<br \/>\nFriedrichstr. 219<br \/>\n10969 Berlin<br \/>\nTelefon: 030 13889-0<br \/>\nE-Mail: mailbox@datenschutz-berlin.de<\/p>\n<h2>4. Bereitstellung der Website und Erstellung von Logfiles<\/h2>\n<h3>4.1 Beschreibung und Umfang der Datenverarbeitung<\/h3>\n<p>Bei jedem Aufruf unserer Internetseite erfasst unser System automatisiert Daten und Informationen vom Computersystem des aufrufenden Rechners. Folgende Daten werden hierbei erhoben:<\/p>\n<ul>\n<li>Informationen \u00fcber den Browsertyp und die verwendete Version<\/li>\n<li>Das Betriebssystem des Nutzers<\/li>\n<li>Den Internet-Service-Provider des Nutzers<\/li>\n<li>Die IP-Adresse des Nutzers<\/li>\n<li>Datum und Uhrzeit des Zugriffs<\/li>\n<li>Websites, von denen das System des Nutzers auf unsere Internetseite gelangt<\/li>\n<li>Websites, die vom System des Nutzers \u00fcber unsere Website aufgerufen werden<\/li>\n<\/ul>\n<p>Die Daten werden ebenfalls in den Logfiles unseres Systems gespeichert. Eine Speicherung dieser Daten zusammen mit anderen personenbezogenen Daten des Nutzers findet nicht statt.<\/p>\n<h3>4.2 Rechtsgrundlage f\u00fcr die Datenverarbeitung<\/h3>\n<p>Rechtsgrundlage f\u00fcr die vor\u00fcbergehende Speicherung der Daten und der Logfiles ist Art. 6 Abs. 1 lit. f DSGVO.<\/p>\n<h3>4.3 Zweck der Datenverarbeitung<\/h3>\n<p>Die vor\u00fcbergehende Speicherung der IP-Adresse durch das System ist notwendig, um eine Auslieferung der Website an den Rechner des Nutzers zu erm\u00f6glichen. Hierf\u00fcr muss die IP-Adresse des Nutzers f\u00fcr die Dauer der Sitzung gespeichert bleiben. Die Speicherung in Logfiles erfolgt, um die Funktionsf\u00e4higkeit der Website sicherzustellen. Zudem dienen uns die Daten zur Optimierung der Website und zur Sicherstellung der Sicherheit unserer informationstechnischen Systeme.<\/p>\n<h3>4.4 Dauer der Speicherung<\/h3>\n<p>Die Daten werden gel\u00f6scht, sobald sie f\u00fcr die Erreichung des Zweckes ihrer Erhebung nicht mehr erforderlich sind. Im Falle der Erfassung der Daten zur Bereitstellung der Website ist dies der Fall, wenn die jeweilige Sitzung beendet ist. Die Logfiles werden nach sp\u00e4testens 7 Tagen gel\u00f6scht.<\/p>\n<h2>5. Verwendung von Cookies<\/h2>\n<h3>5.1 Beschreibung und Umfang der Datenverarbeitung<\/h3>\n<p>Unsere Website verwendet Cookies. Cookies sind Textdateien, die im Internetbrowser bzw. vom Internetbrowser auf dem Computersystem des Nutzers gespeichert werden. Ruft ein Nutzer eine Website auf, so kann ein Cookie auf dem Betriebssystem des Nutzers gespeichert werden. Dieser Cookie enth\u00e4lt eine charakteristische Zeichenfolge, die eine eindeutige Identifizierung des Browsers beim erneuten Aufrufen der Website erm\u00f6glicht.<\/p>\n<p>Wir setzen Cookies ein, um unsere Website nutzerfreundlicher zu gestalten. Einige Elemente unserer Internetseite erfordern es, dass der aufrufende Browser auch nach einem Seitenwechsel identifiziert werden kann.<\/p>\n<h3>5.2 Rechtsgrundlage f\u00fcr die Datenverarbeitung<\/h3>\n<p>Die Rechtsgrundlage f\u00fcr die Verarbeitung personenbezogener Daten unter Verwendung technisch notwendiger Cookies ist Art. 6 Abs. 1 lit. f DSGVO. Die Rechtsgrundlage f\u00fcr die Verarbeitung personenbezogener Daten unter Verwendung von Cookies zu Analysezwecken ist bei Vorliegen einer diesbez\u00fcglichen Einwilligung des Nutzers Art. 6 Abs. 1 lit. a DSGVO.<\/p>\n<h3>5.3 Cookie-Einstellungen<\/h3>\n<p>Bei Ihrem ersten Besuch auf unserer Website erscheint ein Cookie-Banner, \u00fcber den Sie Ihre Einwilligung zu bestimmten Cookies erteilen oder verweigern k\u00f6nnen. Sie k\u00f6nnen Ihre Cookie-Einstellungen jederzeit \u00fcber unser Cookie-Management-Tool anpassen oder alle Cookies in Ihren Browsereinstellungen l\u00f6schen bzw. blockieren.<\/p>\n<h2>6. Google Analytics<\/h2>\n<h3>6.1 Umfang der Verarbeitung personenbezogener Daten<\/h3>\n<p>Wir nutzen auf unserer Website Google Analytics, einen Webanalysedienst der Google Ireland Limited (Gordon House, Barrow Street, Dublin 4, Irland; &#8220;Google&#8221;). Google Analytics verwendet Cookies.<\/p>\n<p>Die durch das Cookie erzeugten Informationen \u00fcber Ihre Benutzung dieser Website werden in der Regel an einen Server von Google in den USA \u00fcbertragen und dort gespeichert. Wir haben die IP-Anonymisierung aktiviert, sodass Ihre IP-Adresse von Google innerhalb von Mitgliedstaaten der Europ\u00e4ischen Union oder in anderen Vertragsstaaten des Abkommens \u00fcber den Europ\u00e4ischen Wirtschaftsraum zuvor gek\u00fcrzt wird.<\/p>\n<h3>6.2 Rechtsgrundlage f\u00fcr die Datenverarbeitung<\/h3>\n<p>Rechtsgrundlage f\u00fcr die Nutzung von Google Analytics ist Ihre Einwilligung gem\u00e4\u00df Art. 6 Abs. 1 lit. a DSGVO.<\/p>\n<h3>6.3 Zweck der Datenverarbeitung<\/h3>\n<p>Im Auftrag des Betreibers dieser Website wird Google diese Informationen benutzen, um Ihre Nutzung der Website auszuwerten, um Reports \u00fcber die Websiteaktivit\u00e4ten zusammenzustellen und um weitere mit der Websitenutzung und der Internetnutzung verbundene Dienstleistungen gegen\u00fcber dem Websitebetreiber zu erbringen.<\/p>\n<h3>6.4 Dauer der Speicherung<\/h3>\n<p>Die von uns gesendeten und mit Cookies, Nutzerkennungen (z. B. User-ID) oder Werbe-IDs verkn\u00fcpften Daten werden nach 14 Monaten automatisch gel\u00f6scht.<\/p>\n<h3>6.5 Widerspruchs- und Beseitigungsm\u00f6glichkeit<\/h3>\n<p>Sie k\u00f6nnen die Erfassung und Verarbeitung Ihrer Daten durch Google Analytics verhindern, indem Sie das unter folgendem Link verf\u00fcgbare Browser-Plugin herunterladen und installieren: <a href=\"https:\/\/tools.google.com\/dlpage\/gaoptout\" target=\"_blank\" rel=\"noopener\">https:\/\/tools.google.com\/dlpage\/gaoptout<\/a><\/p>\n<p>Alternativ k\u00f6nnen Sie Ihre Einwilligung \u00fcber unser Cookie-Management-Tool widerrufen.<\/p>\n<h2>7. Google Maps<\/h2>\n<h3>7.1 Umfang der Verarbeitung personenbezogener Daten<\/h3>\n<p>Wir nutzen auf unserer Website Google Maps zur Anzeige von interaktiven Karten und zur Erstellung von Anfahrtsbeschreibungen. Google Maps ist ein Kartendienst der Google Ireland Limited.<\/p>\n<p>Bei der Nutzung von Google Maps werden von Google auch Daten \u00fcber die Nutzung der Maps-Funktionen durch Besucher der Websites erhoben, verarbeitet und genutzt. N\u00e4here Informationen \u00fcber die Datenverarbeitung durch Google k\u00f6nnen Sie den Datenschutzhinweisen von Google entnehmen: <a href=\"https:\/\/policies.google.com\/privacy\" target=\"_blank\" rel=\"noopener\">https:\/\/policies.google.com\/privacy<\/a><\/p>\n<h3>7.2 Rechtsgrundlage f\u00fcr die Datenverarbeitung<\/h3>\n<p>Rechtsgrundlage ist Art. 6 Abs. 1 lit. f DSGVO. Unser berechtigtes Interesse liegt in der Optimierung der Funktionalit\u00e4t unserer Website.<\/p>\n<h3>7.3 Zweck der Datenverarbeitung<\/h3>\n<p>Durch die Einbindung von Google Maps k\u00f6nnen wir Ihnen die Standorte unserer Veranstaltungsorte anschaulich darstellen und die Auffindbarkeit unserer Partner-Locations verbessern.<\/p>\n<h2>8. Event-Einreichungsformular<\/h2>\n<h3>8.1 Beschreibung und Umfang der Datenverarbeitung<\/h3>\n<p>Auf unserer Website bieten wir ein Formular an, \u00fcber das Event-Veranstalter und Karaoke-Jockeys ihre Veranstaltungen bei uns einreichen k\u00f6nnen. Dabei werden folgende Daten erhoben:<\/p>\n<ul>\n<li>Event-Informationen (Name, Beschreibung, Datum, Uhrzeit, Bild)<\/li>\n<li>Veranstaltungsort-Informationen (Name, Adresse, Beschreibung, Bild)<\/li>\n<li>KJ-Informationen (Name, Beschreibung, Social-Media-Links, Bild)<\/li>\n<li>Kontaktdaten (Name, E-Mail-Adresse)<\/li>\n<li>IP-Adresse und Zeitstempel der \u00dcbermittlung<\/li>\n<li>Ihre Einwilligungserkl\u00e4rung zur Datenverarbeitung<\/li>\n<\/ul>\n<p>Die Daten werden in unserer Datenbank gespeichert. Eine Weitergabe an Dritte erfolgt nicht, mit Ausnahme der Ver\u00f6ffentlichung der Event-Daten (ohne Kontaktdaten) auf unserer Website nach Pr\u00fcfung und Freigabe.<\/p>\n<h3>8.2 Rechtsgrundlage f\u00fcr die Datenverarbeitung<\/h3>\n<p>Rechtsgrundlage f\u00fcr die Verarbeitung der Daten ist bei Vorliegen einer Einwilligung des Nutzers Art. 6 Abs. 1 lit. a DSGVO.<\/p>\n<h3>8.3 Zweck der Datenverarbeitung<\/h3>\n<p>Die Verarbeitung der personenbezogenen Daten aus dem Formular dient uns allein zur Bearbeitung der Event-Einreichung und zur Kontaktaufnahme bei R\u00fcckfragen. Die sonstigen im Rahmen des Absendevorgangs verarbeiteten personenbezogenen Daten dienen dazu, einen Missbrauch des Formulars zu verhindern und die Sicherheit unserer informationstechnischen Systeme sicherzustellen.<\/p>\n<h3>8.4 Dauer der Speicherung<\/h3>\n<p>Die Daten werden gel\u00f6scht, sobald sie f\u00fcr die Erreichung des Zweckes ihrer Erhebung nicht mehr erforderlich sind. F\u00fcr die Event-Daten ist dies der Fall, wenn das Event mehr als 12 Monate in der Vergangenheit liegt. F\u00fcr die Kontaktdaten aus dem Formular ist dies dann der Fall, wenn die jeweilige Konversation mit dem Nutzer beendet ist oder nach 24 Monaten nach Einreichung.<\/p>\n<h3>8.5 Widerspruchs- und Beseitigungsm\u00f6glichkeit<\/h3>\n<p>Sie haben jederzeit die M\u00f6glichkeit, Ihre Einwilligung zur Verarbeitung der personenbezogenen Daten zu widerrufen. Nehmen Sie in diesem Fall bitte Kontakt mit uns auf. In diesem Fall k\u00f6nnen jedoch die eingereichten Events nicht ver\u00f6ffentlicht werden.<\/p>\n<h2>9. Jetpack (WordPress Stats)<\/h2>\n<h3>9.1 Umfang der Verarbeitung<\/h3>\n<p>Wir nutzen auf unserer Website Jetpack, ein Plugin der Automattic Inc., 60 29th Street #343, San Francisco, CA 94110, USA. Jetpack verwendet Cookies und sammelt Statistiken \u00fcber die Websitenutzung.<\/p>\n<h3>9.2 Rechtsgrundlage<\/h3>\n<p>Rechtsgrundlage ist Ihre Einwilligung gem\u00e4\u00df Art. 6 Abs. 1 lit. a DSGVO oder unser berechtigtes Interesse gem\u00e4\u00df Art. 6 Abs. 1 lit. f DSGVO.<\/p>\n<h3>9.3 Zweck<\/h3>\n<p>Jetpack hilft uns, die Sicherheit und Leistung unserer Website zu gew\u00e4hrleisten und Besucherstatistiken zu erheben.<\/p>\n<p>Weitere Informationen: <a href=\"https:\/\/automattic.com\/privacy\/\" target=\"_blank\" rel=\"noopener\">https:\/\/automattic.com\/privacy\/<\/a><\/p>\n<h2>10. Akismet (Spam-Schutz)<\/h2>\n<h3>10.1 Umfang der Verarbeitung<\/h3>\n<p>Wir nutzen Akismet zum Schutz vor Spam. Akismet ist ein Dienst der Automattic Inc., 60 29th Street #343, San Francisco, CA 94110, USA. Zur Spam-Erkennung werden \u00fcbermittelte Daten (z.B. IP-Adresse, Browserinformationen) an Server von Automattic \u00fcbertragen.<\/p>\n<h3>10.2 Rechtsgrundlage<\/h3>\n<p>Rechtsgrundlage ist unser berechtigtes Interesse am Schutz vor Spam gem\u00e4\u00df Art. 6 Abs. 1 lit. f DSGVO.<\/p>\n<p>Weitere Informationen: <a href=\"https:\/\/automattic.com\/privacy\/\" target=\"_blank\" rel=\"noopener\">https:\/\/automattic.com\/privacy\/<\/a><\/p>\n<h2>11. SSL- bzw. TLS-Verschl\u00fcsselung<\/h2>\n<p>Diese Seite nutzt aus Sicherheitsgr\u00fcnden und zum Schutz der \u00dcbertragung vertraulicher Inhalte, wie zum Beispiel Event-Einreichungen oder Anfragen, die Sie an uns als Seitenbetreiber senden, eine SSL- bzw. TLS-Verschl\u00fcsselung. Eine verschl\u00fcsselte Verbindung erkennen Sie daran, dass die Adresszeile des Browsers von &#8220;http:\/\/&#8221; auf &#8220;https:\/\/&#8221; wechselt und an dem Schloss-Symbol in Ihrer Browserzeile.<\/p>\n<h2>12. Weitergabe von Daten<\/h2>\n<p>Eine \u00dcbermittlung Ihrer pers\u00f6nlichen Daten an Dritte zu anderen als den im Folgenden aufgef\u00fchrten Zwecken findet nicht statt. Wir geben Ihre pers\u00f6nlichen Daten nur an Dritte weiter, wenn:<\/p>\n<ul>\n<li>Sie Ihre nach Art. 6 Abs. 1 S. 1 lit. a DSGVO ausdr\u00fcckliche Einwilligung dazu erteilt haben,<\/li>\n<li>die Weitergabe nach Art. 6 Abs. 1 S. 1 lit. f DSGVO zur Geltendmachung, Aus\u00fcbung oder Verteidigung von Rechtsanspr\u00fcchen erforderlich ist und kein Grund zur Annahme besteht, dass Sie ein \u00fcberwiegendes schutzw\u00fcrdiges Interesse an der Nichtweitergabe Ihrer Daten haben,<\/li>\n<li>f\u00fcr den Fall, dass f\u00fcr die Weitergabe nach Art. 6 Abs. 1 S. 1 lit. c DSGVO eine gesetzliche Verpflichtung besteht, sowie<\/li>\n<li>dies gesetzlich zul\u00e4ssig und nach Art. 6 Abs. 1 S. 1 lit. b DSGVO f\u00fcr die Abwicklung von Vertragsverh\u00e4ltnissen mit Ihnen erforderlich ist.<\/li>\n<\/ul>\n<h2>13. Externe Links<\/h2>\n<p>Unsere Website enth\u00e4lt Links zu externen Websites Dritter, auf deren Inhalte wir keinen Einfluss haben. Deshalb k\u00f6nnen wir f\u00fcr diese fremden Inhalte auch keine Gew\u00e4hr \u00fcbernehmen. F\u00fcr die Inhalte der verlinkten Seiten ist stets der jeweilige Anbieter oder Betreiber der Seiten verantwortlich.<\/p>\n<h2>14. Social Media<\/h2>\n<p>Wir verlinken auf unserer Website zu unseren Social-Media-Profilen (z.B. Instagram, Facebook). Diese Links \u00f6ffnen die jeweiligen Plattformen in einem neuen Fenster. Eine direkte Einbindung von Social-Media-Plugins findet nicht statt, sodass beim Besuch unserer Website keine Daten an die Plattformen \u00fcbertragen werden.<\/p>\n<h2>15. \u00c4nderung dieser Datenschutzerkl\u00e4rung<\/h2>\n<p>Wir behalten uns vor, diese Datenschutzerkl\u00e4rung anzupassen, damit sie stets den aktuellen rechtlichen Anforderungen entspricht oder um \u00c4nderungen unserer Leistungen in der Datenschutzerkl\u00e4rung umzusetzen, z.B. bei der Einf\u00fchrung neuer Services. F\u00fcr Ihren erneuten Besuch gilt dann die neue Datenschutzerkl\u00e4rung.<\/p>\n<h2>16. Fragen zum Datenschutz<\/h2>\n<p>Wenn Sie Fragen zum Datenschutz haben, schreiben Sie uns bitte eine E-Mail oder wenden Sie sich direkt an die f\u00fcr den Datenschutz verantwortliche Person in unserer Organisation<\/p>\n<hr>\n","protected":false},"excerpt":{"rendered":"<p>Datenschutzerkl\u00e4rung Stand: Dezember 2024 1. Verantwortliche Stelle Verantwortlich f\u00fcr die Datenverarbeitung auf dieser Website ist: M-IT Friedrich-Engels-Str. 42 13156 Berlin E-Mail: info@karaoke-in-berlin.org 2. Allgemeine Hinweise zur Datenverarbeitung 2.1 Umfang der Verarbeitung personenbezogener Daten Wir verarbeiten personenbezogene Daten unserer Nutzer grunds\u00e4tzlich nur, soweit dies zur Bereitstellung einer funktionsf\u00e4higen Website sowie unserer Inhalte und Leistungen erforderlich ist. [&hellip;]<\/p>\n","protected":false},"author":1,"featured_media":0,"parent":0,"menu_order":0,"comment_status":"closed","ping_status":"open","template":"","meta":{"ocean_post_layout":"","ocean_both_sidebars_style":"","ocean_both_sidebars_content_width":0,"ocean_both_sidebars_sidebars_width":0,"ocean_sidebar":"0","ocean_second_sidebar":"0","ocean_disable_margins":"enable","ocean_add_body_class":"","ocean_shortcode_before_top_bar":"","ocean_shortcode_after_top_bar":"","ocean_shortcode_before_header":"","ocean_shortcode_after_header":"","ocean_has_shortcode":"","ocean_shortcode_after_title":"","ocean_shortcode_before_footer_widgets":"","ocean_shortcode_after_footer_widgets":"","ocean_shortcode_before_footer_bottom":"","ocean_shortcode_after_footer_bottom":"","ocean_display_top_bar":"default","ocean_display_header":"default","ocean_header_style":"","ocean_center_header_left_menu":"0","ocean_custom_header_template":"0","ocean_custom_logo":0,"ocean_custom_retina_logo":0,"ocean_custom_logo_max_width":0,"ocean_custom_logo_tablet_max_width":0,"ocean_custom_logo_mobile_max_width":0,"ocean_custom_logo_max_height":0,"ocean_custom_logo_tablet_max_height":0,"ocean_custom_logo_mobile_max_height":0,"ocean_header_custom_menu":"0","ocean_menu_typo_font_family":"0","ocean_menu_typo_font_subset":"","ocean_menu_typo_font_size":0,"ocean_menu_typo_font_size_tablet":0,"ocean_menu_typo_font_size_mobile":0,"ocean_menu_typo_font_size_unit":"px","ocean_menu_typo_font_weight":"","ocean_menu_typo_font_weight_tablet":"","ocean_menu_typo_font_weight_mobile":"","ocean_menu_typo_transform":"","ocean_menu_typo_transform_tablet":"","ocean_menu_typo_transform_mobile":"","ocean_menu_typo_line_height":0,"ocean_menu_typo_line_height_tablet":0,"ocean_menu_typo_line_height_mobile":0,"ocean_menu_typo_line_height_unit":"","ocean_menu_typo_spacing":0,"ocean_menu_typo_spacing_tablet":0,"ocean_menu_typo_spacing_mobile":0,"ocean_menu_typo_spacing_unit":"","ocean_menu_link_color":"","ocean_menu_link_color_hover":"","ocean_menu_link_color_active":"","ocean_menu_link_background":"","ocean_menu_link_hover_background":"","ocean_menu_link_active_background":"","ocean_menu_social_links_bg":"","ocean_menu_social_hover_links_bg":"","ocean_menu_social_links_color":"","ocean_menu_social_hover_links_color":"","ocean_disable_title":"default","ocean_disable_heading":"default","ocean_post_title":"","ocean_post_subheading":"","ocean_post_title_style":"","ocean_post_title_background_color":"","ocean_post_title_background":0,"ocean_post_title_bg_image_position":"","ocean_post_title_bg_image_attachment":"","ocean_post_title_bg_image_repeat":"","ocean_post_title_bg_image_size":"","ocean_post_title_height":0,"ocean_post_title_bg_overlay":0.5,"ocean_post_title_bg_overlay_color":"","ocean_disable_breadcrumbs":"default","ocean_breadcrumbs_color":"","ocean_breadcrumbs_separator_color":"","ocean_breadcrumbs_links_color":"","ocean_breadcrumbs_links_hover_color":"","ocean_display_footer_widgets":"default","ocean_display_footer_bottom":"default","ocean_custom_footer_template":"0","osh_disable_topbar_sticky":"default","osh_disable_header_sticky":"default","osh_sticky_header_style":"default","osh_sticky_header_effect":"","osh_custom_sticky_logo":0,"osh_custom_retina_sticky_logo":0,"osh_custom_sticky_logo_height":0,"osh_background_color":"","osh_links_color":"","osh_links_hover_color":"","osh_links_active_color":"","osh_links_bg_color":"","osh_links_hover_bg_color":"","osh_links_active_bg_color":"","osh_menu_social_links_color":"","osh_menu_social_hover_links_color":"","footnotes":""},"class_list":["post-3","page","type-page","status-publish","hentry","entry"],"aioseo_notices":[],"jetpack_sharing_enabled":true,"_links":{"self":[{"href":"https:\/\/karaoke-in-berlin.org\/index.php?rest_route=\/wp\/v2\/pages\/3","targetHints":{"allow":["GET"]}}],"collection":[{"href":"https:\/\/karaoke-in-berlin.org\/index.php?rest_route=\/wp\/v2\/pages"}],"about":[{"href":"https:\/\/karaoke-in-berlin.org\/index.php?rest_route=\/wp\/v2\/types\/page"}],"author":[{"embeddable":true,"href":"https:\/\/karaoke-in-berlin.org\/index.php?rest_route=\/wp\/v2\/users\/1"}],"replies":[{"embeddable":true,"href":"https:\/\/karaoke-in-berlin.org\/index.php?rest_route=%2Fwp%2Fv2%2Fcomments&post=3"}],"version-history":[{"count":2,"href":"https:\/\/karaoke-in-berlin.org\/index.php?rest_route=\/wp\/v2\/pages\/3\/revisions"}],"predecessor-version":[{"id":3198,"href":"https:\/\/karaoke-in-berlin.org\/index.php?rest_route=\/wp\/v2\/pages\/3\/revisions\/3198"}],"wp:attachment":[{"href":"https:\/\/karaoke-in-berlin.org\/index.php?rest_route=%2Fwp%2Fv2%2Fmedia&parent=3"}],"curies":[{"name":"wp","href":"https:\/\/api.w.org\/{rel}","templated":true}]}}